{"id":2100,"date":"2025-02-17T22:27:01","date_gmt":"2025-02-17T22:27:01","guid":{"rendered":"https:\/\/www.xickenpiripiri.com\/?page_id=2100"},"modified":"2025-02-17T22:28:30","modified_gmt":"2025-02-17T22:28:30","slug":"mensagem-enviada-obrigado","status":"publish","type":"page","link":"https:\/\/www.xickenpiripiri.com\/pt\/mensagem-enviada-obrigado\/","title":{"rendered":"Thank you page"},"content":{"rendered":"\t\t<div data-elementor-type=\"wp-page\" data-elementor-id=\"2100\" class=\"elementor elementor-2100\" data-elementor-post-type=\"page\">\n\t\t\t\t<div class=\"elementor-element elementor-element-61c9d90 e-flex e-con-boxed e-con e-parent\" data-id=\"61c9d90\" data-element_type=\"container\" data-settings=\"{&quot;background_background&quot;:&quot;classic&quot;,&quot;container_type&quot;:&quot;flex&quot;,&quot;content_width&quot;:&quot;boxed&quot;}\" data-core-v316-plus=\"true\">\n\t\t\t\t\t<div class=\"e-con-inner\">\n\t\t\t\t<div class=\"elementor-element elementor-element-6912950 elementor-widget elementor-widget-text-editor\" data-id=\"6912950\" data-element_type=\"widget\" data-widget_type=\"text-editor.default\">\n\t\t\t\t<div class=\"elementor-widget-container\">\n\t\t\t<style>\/*! elementor - v3.19.0 - 28-02-2024 *\/\n.elementor-widget-text-editor.elementor-drop-cap-view-stacked .elementor-drop-cap{background-color:#69727d;color:#fff}.elementor-widget-text-editor.elementor-drop-cap-view-framed .elementor-drop-cap{color:#69727d;border:3px solid;background-color:transparent}.elementor-widget-text-editor:not(.elementor-drop-cap-view-default) .elementor-drop-cap{margin-top:8px}.elementor-widget-text-editor:not(.elementor-drop-cap-view-default) .elementor-drop-cap-letter{width:1em;height:1em}.elementor-widget-text-editor .elementor-drop-cap{float:left;text-align:center;line-height:1;font-size:50px}.elementor-widget-text-editor .elementor-drop-cap-letter{display:inline-block}<\/style>\t\t\t\t<p>Obrigado por nos contactar<\/p>\t\t\t\t\t\t<\/div>\n\t\t\t\t<\/div>\n\t\t\t\t<div class=\"elementor-element elementor-element-842ef51 elementor-widget elementor-widget-heading\" data-id=\"842ef51\" data-element_type=\"widget\" data-widget_type=\"heading.default\">\n\t\t\t\t<div class=\"elementor-widget-container\">\n\t\t\t<style>\/*! elementor - v3.19.0 - 28-02-2024 *\/\n.elementor-heading-title{padding:0;margin:0;line-height:1}.elementor-widget-heading .elementor-heading-title[class*=elementor-size-]>a{color:inherit;font-size:inherit;line-height:inherit}.elementor-widget-heading .elementor-heading-title.elementor-size-small{font-size:15px}.elementor-widget-heading .elementor-heading-title.elementor-size-medium{font-size:19px}.elementor-widget-heading .elementor-heading-title.elementor-size-large{font-size:29px}.elementor-widget-heading .elementor-heading-title.elementor-size-xl{font-size:39px}.elementor-widget-heading .elementor-heading-title.elementor-size-xxl{font-size:59px}<\/style><h1 class=\"elementor-heading-title elementor-size-default\">Mensagem enviada<\/h1>\t\t<\/div>\n\t\t\t\t<\/div>\n\t\t\t\t<div class=\"elementor-element elementor-element-9fae5e2 elementor-widget elementor-widget-text-editor\" data-id=\"9fae5e2\" data-element_type=\"widget\" data-widget_type=\"text-editor.default\">\n\t\t\t\t<div class=\"elementor-widget-container\">\n\t\t\t\t\t\t\t<p>A nossa equipa ir\u00e1 responder ao seu contacto assim que poss\u00edvel.<\/p>\t\t\t\t\t\t<\/div>\n\t\t\t\t<\/div>\n\t\t\t\t<div class=\"elementor-element elementor-element-4c85252 elementor-tablet-align-left elementor-mobile-align-left elementor-align-left elementor-widget elementor-widget-button\" data-id=\"4c85252\" data-element_type=\"widget\" data-widget_type=\"button.default\">\n\t\t\t\t<div class=\"elementor-widget-container\">\n\t\t\t\t\t<div class=\"elementor-button-wrapper\">\n\t\t\t<a class=\"elementor-button elementor-button-link elementor-size-sm\" href=\"https:\/\/www.xickenpiripiri.com\/pt\">\n\t\t\t\t\t\t<span class=\"elementor-button-content-wrapper\">\n\t\t\t\t\t\t<span class=\"elementor-button-text\">Voltar para a Home<\/span>\n\t\t<\/span>\n\t\t\t\t\t<\/a>\n\t\t<\/div>\n\t\t\t\t<\/div>\n\t\t\t\t<\/div>\n\t\t\t\t\t<\/div>\n\t\t\t\t<\/div>\n\t\t\t\t<\/div>\n\t\t","protected":false},"excerpt":{"rendered":"<p>Obrigado por nos contactar Mensagem enviada A nossa equipa ir\u00e1 responder ao seu contacto assim que poss\u00edvel. Voltar para a Home<\/p>\n","protected":false},"author":2,"featured_media":130,"parent":0,"menu_order":0,"comment_status":"closed","ping_status":"closed","template":"elementor_header_footer","meta":{"footnotes":""},"yoast_head":"<!-- This site is optimized with the Yoast SEO Premium plugin v20.5 (Yoast SEO v22.1) - https:\/\/yoast.com\/wordpress\/plugins\/seo\/ -->\n<title>Xicken &amp; Cia. - \u201cSimply the Best!...\u201d<\/title>\n<meta name=\"description\" content=\"\u00c9 com imenso prazer que apresentamos o nosso Restaurante Churrasqueira, onde a cozinha \u00e9 baseada nos grelhados em carv\u00e3o vegetal e finalizada com os nossos molhos exclusivos.\" \/>\n<meta name=\"robots\" content=\"index, follow, max-snippet:-1, max-image-preview:large, max-video-preview:-1\" \/>\n<link rel=\"canonical\" href=\"https:\/\/www.xickenpiripiri.com\/pt\/mensagem-enviada-obrigado\/\" \/>\n<meta property=\"og:locale\" content=\"pt_PT\" \/>\n<meta property=\"og:type\" content=\"article\" \/>\n<meta property=\"og:title\" content=\"Thank you page\" \/>\n<meta property=\"og:description\" content=\"\u00c9 com imenso prazer que apresentamos o nosso Restaurante Churrasqueira, onde a cozinha \u00e9 baseada nos grelhados em carv\u00e3o vegetal e finalizada com os nossos molhos exclusivos.\" \/>\n<meta property=\"og:url\" content=\"https:\/\/www.xickenpiripiri.com\/pt\/mensagem-enviada-obrigado\/\" \/>\n<meta property=\"og:site_name\" content=\"Xicken Piripiri\" \/>\n<meta property=\"article:modified_time\" content=\"2025-02-17T22:28:30+00:00\" \/>\n<meta property=\"og:image\" content=\"https:\/\/www.xickenpiripiri.com\/wp-content\/uploads\/2024\/03\/xicken_thumbnail.png\" \/>\n\t<meta property=\"og:image:width\" content=\"260\" \/>\n\t<meta property=\"og:image:height\" content=\"260\" \/>\n\t<meta property=\"og:image:type\" content=\"image\/png\" \/>\n<meta name=\"twitter:card\" content=\"summary_large_image\" \/>\n<meta name=\"twitter:label1\" content=\"Tempo estimado de leitura\" \/>\n\t<meta name=\"twitter:data1\" content=\"1 minuto\" \/>\n<script type=\"application\/ld+json\" class=\"yoast-schema-graph\">{\"@context\":\"https:\/\/schema.org\",\"@graph\":[{\"@type\":\"WebPage\",\"@id\":\"https:\/\/www.xickenpiripiri.com\/pt\/mensagem-enviada-obrigado\/\",\"url\":\"https:\/\/www.xickenpiripiri.com\/pt\/mensagem-enviada-obrigado\/\",\"name\":\"Xicken & Cia. - \u201cSimply the Best!...\u201d\",\"isPartOf\":{\"@id\":\"https:\/\/www.xickenpiripiri.com\/#website\"},\"datePublished\":\"2025-02-17T22:27:01+00:00\",\"dateModified\":\"2025-02-17T22:28:30+00:00\",\"description\":\"\u00c9 com imenso prazer que apresentamos o nosso Restaurante Churrasqueira, onde a cozinha \u00e9 baseada nos grelhados em carv\u00e3o vegetal e finalizada com os nossos molhos exclusivos.\",\"breadcrumb\":{\"@id\":\"https:\/\/www.xickenpiripiri.com\/pt\/mensagem-enviada-obrigado\/#breadcrumb\"},\"inLanguage\":\"pt-PT\",\"potentialAction\":[{\"@type\":\"ReadAction\",\"target\":[\"https:\/\/www.xickenpiripiri.com\/pt\/mensagem-enviada-obrigado\/\"]}]},{\"@type\":\"BreadcrumbList\",\"@id\":\"https:\/\/www.xickenpiripiri.com\/pt\/mensagem-enviada-obrigado\/#breadcrumb\",\"itemListElement\":[{\"@type\":\"ListItem\",\"position\":1,\"name\":\"Home\",\"item\":\"https:\/\/www.xickenpiripiri.com\/\"},{\"@type\":\"ListItem\",\"position\":2,\"name\":\"Thank you page\"}]},{\"@type\":\"WebSite\",\"@id\":\"https:\/\/www.xickenpiripiri.com\/#website\",\"url\":\"https:\/\/www.xickenpiripiri.com\/\",\"name\":\"Xicken Piripiri\",\"description\":\"\u201cSimply the Best!...\u201d\",\"publisher\":{\"@id\":\"https:\/\/www.xickenpiripiri.com\/#organization\"},\"potentialAction\":[{\"@type\":\"SearchAction\",\"target\":{\"@type\":\"EntryPoint\",\"urlTemplate\":\"https:\/\/www.xickenpiripiri.com\/?s={search_term_string}\"},\"query-input\":\"required name=search_term_string\"}],\"inLanguage\":\"pt-PT\"},{\"@type\":\"Organization\",\"@id\":\"https:\/\/www.xickenpiripiri.com\/#organization\",\"name\":\"Xicken Piripiri\",\"url\":\"https:\/\/www.xickenpiripiri.com\/\",\"logo\":{\"@type\":\"ImageObject\",\"inLanguage\":\"pt-PT\",\"@id\":\"https:\/\/www.xickenpiripiri.com\/#\/schema\/logo\/image\/\",\"url\":\"https:\/\/www.xickenpiripiri.com\/wp-content\/uploads\/2024\/03\/header_logo_new.png\",\"contentUrl\":\"https:\/\/www.xickenpiripiri.com\/wp-content\/uploads\/2024\/03\/header_logo_new.png\",\"width\":147,\"height\":79,\"caption\":\"Xicken Piripiri\"},\"image\":{\"@id\":\"https:\/\/www.xickenpiripiri.com\/#\/schema\/logo\/image\/\"}}]}<\/script>\n<!-- \/ Yoast SEO Premium plugin. -->","yoast_head_json":{"title":"Xicken & Cia. - \u201cSimply the Best!...\u201d","description":"\u00c9 com imenso prazer que apresentamos o nosso Restaurante Churrasqueira, onde a cozinha \u00e9 baseada nos grelhados em carv\u00e3o vegetal e finalizada com os nossos molhos exclusivos.","robots":{"index":"index","follow":"follow","max-snippet":"max-snippet:-1","max-image-preview":"max-image-preview:large","max-video-preview":"max-video-preview:-1"},"canonical":"https:\/\/www.xickenpiripiri.com\/pt\/mensagem-enviada-obrigado\/","og_locale":"pt_PT","og_type":"article","og_title":"Thank you page","og_description":"\u00c9 com imenso prazer que apresentamos o nosso Restaurante Churrasqueira, onde a cozinha \u00e9 baseada nos grelhados em carv\u00e3o vegetal e finalizada com os nossos molhos exclusivos.","og_url":"https:\/\/www.xickenpiripiri.com\/pt\/mensagem-enviada-obrigado\/","og_site_name":"Xicken Piripiri","article_modified_time":"2025-02-17T22:28:30+00:00","og_image":[{"width":260,"height":260,"url":"https:\/\/www.xickenpiripiri.com\/wp-content\/uploads\/2024\/03\/xicken_thumbnail.png","type":"image\/png"}],"twitter_card":"summary_large_image","twitter_misc":{"Tempo estimado de leitura":"1 minuto"},"schema":{"@context":"https:\/\/schema.org","@graph":[{"@type":"WebPage","@id":"https:\/\/www.xickenpiripiri.com\/pt\/mensagem-enviada-obrigado\/","url":"https:\/\/www.xickenpiripiri.com\/pt\/mensagem-enviada-obrigado\/","name":"Xicken & Cia. - \u201cSimply the Best!...\u201d","isPartOf":{"@id":"https:\/\/www.xickenpiripiri.com\/#website"},"datePublished":"2025-02-17T22:27:01+00:00","dateModified":"2025-02-17T22:28:30+00:00","description":"\u00c9 com imenso prazer que apresentamos o nosso Restaurante Churrasqueira, onde a cozinha \u00e9 baseada nos grelhados em carv\u00e3o vegetal e finalizada com os nossos molhos exclusivos.","breadcrumb":{"@id":"https:\/\/www.xickenpiripiri.com\/pt\/mensagem-enviada-obrigado\/#breadcrumb"},"inLanguage":"pt-PT","potentialAction":[{"@type":"ReadAction","target":["https:\/\/www.xickenpiripiri.com\/pt\/mensagem-enviada-obrigado\/"]}]},{"@type":"BreadcrumbList","@id":"https:\/\/www.xickenpiripiri.com\/pt\/mensagem-enviada-obrigado\/#breadcrumb","itemListElement":[{"@type":"ListItem","position":1,"name":"Home","item":"https:\/\/www.xickenpiripiri.com\/"},{"@type":"ListItem","position":2,"name":"Thank you page"}]},{"@type":"WebSite","@id":"https:\/\/www.xickenpiripiri.com\/#website","url":"https:\/\/www.xickenpiripiri.com\/","name":"Xicken Piripiri","description":"\u201cSimply the Best!...\u201d","publisher":{"@id":"https:\/\/www.xickenpiripiri.com\/#organization"},"potentialAction":[{"@type":"SearchAction","target":{"@type":"EntryPoint","urlTemplate":"https:\/\/www.xickenpiripiri.com\/?s={search_term_string}"},"query-input":"required name=search_term_string"}],"inLanguage":"pt-PT"},{"@type":"Organization","@id":"https:\/\/www.xickenpiripiri.com\/#organization","name":"Xicken Piripiri","url":"https:\/\/www.xickenpiripiri.com\/","logo":{"@type":"ImageObject","inLanguage":"pt-PT","@id":"https:\/\/www.xickenpiripiri.com\/#\/schema\/logo\/image\/","url":"https:\/\/www.xickenpiripiri.com\/wp-content\/uploads\/2024\/03\/header_logo_new.png","contentUrl":"https:\/\/www.xickenpiripiri.com\/wp-content\/uploads\/2024\/03\/header_logo_new.png","width":147,"height":79,"caption":"Xicken Piripiri"},"image":{"@id":"https:\/\/www.xickenpiripiri.com\/#\/schema\/logo\/image\/"}}]}},"_links":{"self":[{"href":"https:\/\/www.xickenpiripiri.com\/pt\/wp-json\/wp\/v2\/pages\/2100"}],"collection":[{"href":"https:\/\/www.xickenpiripiri.com\/pt\/wp-json\/wp\/v2\/pages"}],"about":[{"href":"https:\/\/www.xickenpiripiri.com\/pt\/wp-json\/wp\/v2\/types\/page"}],"author":[{"embeddable":true,"href":"https:\/\/www.xickenpiripiri.com\/pt\/wp-json\/wp\/v2\/users\/2"}],"replies":[{"embeddable":true,"href":"https:\/\/www.xickenpiripiri.com\/pt\/wp-json\/wp\/v2\/comments?post=2100"}],"version-history":[{"count":7,"href":"https:\/\/www.xickenpiripiri.com\/pt\/wp-json\/wp\/v2\/pages\/2100\/revisions"}],"predecessor-version":[{"id":2107,"href":"https:\/\/www.xickenpiripiri.com\/pt\/wp-json\/wp\/v2\/pages\/2100\/revisions\/2107"}],"wp:featuredmedia":[{"embeddable":true,"href":"https:\/\/www.xickenpiripiri.com\/pt\/wp-json\/wp\/v2\/media\/130"}],"wp:attachment":[{"href":"https:\/\/www.xickenpiripiri.com\/pt\/wp-json\/wp\/v2\/media?parent=2100"}],"curies":[{"name":"wp","href":"https:\/\/api.w.org\/{rel}","templated":true}]}}